{"id":858,"date":"2016-11-02T02:28:04","date_gmt":"2016-11-02T02:28:04","guid":{"rendered":"https:\/\/avadawebsites.wpengine.com\/dentist\/?page_id=14"},"modified":"2025-12-01T19:56:33","modified_gmt":"2025-12-02T01:56:33","slug":"registracija","status":"publish","type":"page","link":"https:\/\/www.sokiusvente.org\/en\/registracija\/","title":{"rendered":"Registration"},"content":{"rendered":"<p><div class=\"fusion-fullwidth fullwidth-box fusion-builder-row-1 fusion-flex-container has-pattern-background has-mask-background hundred-percent-fullwidth non-hundred-percent-height-scrolling\" style=\"--awb-border-sizes-top:0;--awb-border-sizes-bottom:0;--awb-border-sizes-left:0;--awb-border-sizes-right:0;--awb-border-radius-top-left:0px;--awb-border-radius-top-right:0px;--awb-border-radius-bottom-right:0px;--awb-border-radius-bottom-left:0px;--awb-padding-top:0px;--awb-padding-right:0px;--awb-padding-bottom:0px;--awb-padding-left:0px;--awb-margin-top:0px;--awb-margin-bottom:0px;--awb-background-color:#f7f7f7;--awb-flex-wrap:nowrap;\" ><div class=\"fusion-builder-row fusion-row fusion-flex-align-items-flex-start fusion-flex-content-wrap\" style=\"width:104% !important;max-width:104% !important;margin-left: calc(-4% \/ 2 );margin-right: calc(-4% \/ 2 );\"><div class=\"fusion-layout-column fusion_builder_column fusion-builder-column-0 fusion_builder_column_1_1 1_1 fusion-flex-column\" style=\"--awb-padding-top:0px;--awb-padding-right:0px;--awb-padding-bottom:0px;--awb-padding-left:0px;--awb-bg-size:cover;--awb-width-large:100%;--awb-margin-top-large:0px;--awb-spacing-right-large:1.92%;--awb-margin-bottom-large:20px;--awb-spacing-left-large:1.92%;--awb-width-medium:100%;--awb-order-medium:0;--awb-spacing-right-medium:1.92%;--awb-spacing-left-medium:1.92%;--awb-width-small:100%;--awb-order-small:0;--awb-spacing-right-small:1.92%;--awb-spacing-left-small:1.92%;\" data-scroll-devices=\"small-visibility,medium-visibility,large-visibility\"><div class=\"fusion-column-wrapper fusion-column-has-shadow fusion-flex-justify-content-flex-start fusion-content-layout-column\"><div class=\"fusion-image-element\" style=\"text-align:center;--awb-aspect-ratio: 100 \/ 40;--awb-object-position:42% 49%;--awb-margin-top:-10px;--awb-margin-right:0px;--awb-margin-bottom:0px;--awb-margin-left:0px;--awb-caption-title-font-family:var(--h2_typography-font-family);--awb-caption-title-font-weight:var(--h2_typography-font-weight);--awb-caption-title-font-style:var(--h2_typography-font-style);--awb-caption-title-size:var(--h2_typography-font-size);--awb-caption-title-transform:var(--h2_typography-text-transform);--awb-caption-title-line-height:var(--h2_typography-line-height);--awb-caption-title-letter-spacing:var(--h2_typography-letter-spacing);\"><span class=\"fusion-imageframe imageframe-none imageframe-1 hover-type-none has-aspect-ratio\"><img decoding=\"async\" width=\"1999\" height=\"600\" title=\"SokiuSvente-Sokiai\" src=\"https:\/\/www.sokiusvente.org\/wp-content\/uploads\/2025\/09\/SokiuSvente-Sokiai.png\" data-orig-src=\"https:\/\/www.sokiusvente.org\/wp-content\/uploads\/2025\/09\/SokiuSvente-Sokiai.png\" class=\"lazyload img-responsive wp-image-1048 img-with-aspect-ratio\" data-parent-fit=\"cover\" data-parent-container=\".fusion-image-element\" alt srcset=\"data:image\/svg+xml,%3Csvg%20xmlns%3D%27http%3A%2F%2Fwww.w3.org%2F2000%2Fsvg%27%20width%3D%271999%27%20height%3D%27600%27%20viewBox%3D%270%200%201999%20600%27%3E%3Crect%20width%3D%271999%27%20height%3D%27600%27%20fill-opacity%3D%220%22%2F%3E%3C%2Fsvg%3E\" data-srcset=\"https:\/\/www.sokiusvente.org\/wp-content\/uploads\/2025\/09\/SokiuSvente-Sokiai-200x60.png 200w, https:\/\/www.sokiusvente.org\/wp-content\/uploads\/2025\/09\/SokiuSvente-Sokiai-400x120.png 400w, https:\/\/www.sokiusvente.org\/wp-content\/uploads\/2025\/09\/SokiuSvente-Sokiai-600x180.png 600w, https:\/\/www.sokiusvente.org\/wp-content\/uploads\/2025\/09\/SokiuSvente-Sokiai-800x240.png 800w, https:\/\/www.sokiusvente.org\/wp-content\/uploads\/2025\/09\/SokiuSvente-Sokiai-1200x360.png 1200w, https:\/\/www.sokiusvente.org\/wp-content\/uploads\/2025\/09\/SokiuSvente-Sokiai.png 1999w\" data-sizes=\"auto\" data-orig-sizes=\"(max-width: 1280px) 100vw, (max-width: 1024px) 100vw, 1200px\" \/><\/span><\/div><\/div><\/div><\/div><\/div><div class=\"fusion-fullwidth fullwidth-box fusion-builder-row-2 fusion-flex-container has-pattern-background has-mask-background nonhundred-percent-fullwidth non-hundred-percent-height-scrolling\" style=\"--awb-border-radius-top-left:0px;--awb-border-radius-top-right:0px;--awb-border-radius-bottom-right:0px;--awb-border-radius-bottom-left:0px;--awb-padding-top:25px;--awb-padding-bottom:25px;--awb-margin-top:0px;--awb-margin-bottom:0px;--awb-background-color:hsla(var(--awb-color1-h),var(--awb-color1-s),calc( var(--awb-color1-l) - 3% ),var(--awb-color1-a));--awb-flex-wrap:wrap;\" ><div class=\"fusion-builder-row fusion-row fusion-flex-align-items-flex-start fusion-flex-content-wrap\" style=\"max-width:calc( 1100px + 0px );margin-left: calc(-0px \/ 2 );margin-right: calc(-0px \/ 2 );\"><div class=\"fusion-layout-column fusion_builder_column fusion-builder-column-1 fusion_builder_column_1_1 1_1 fusion-flex-column\" style=\"--awb-bg-size:cover;--awb-width-large:100%;--awb-margin-top-large:0px;--awb-spacing-right-large:0px;--awb-margin-bottom-large:20px;--awb-spacing-left-large:0px;--awb-width-medium:100%;--awb-order-medium:0;--awb-spacing-right-medium:0px;--awb-spacing-left-medium:0px;--awb-width-small:100%;--awb-order-small:0;--awb-spacing-right-small:0px;--awb-spacing-left-small:0px;\"><div class=\"fusion-column-wrapper fusion-column-has-shadow fusion-flex-justify-content-flex-start fusion-content-layout-column\"><div class=\"fusion-title title fusion-title-1 fusion-title-text fusion-title-size-three\" style=\"--awb-text-color:#000000;--awb-font-size:32px;\"><div class=\"title-sep-container title-sep-container-left fusion-no-large-visibility fusion-no-medium-visibility fusion-no-small-visibility\"><div class=\"title-sep sep- sep-solid\" style=\"border-color:var(--awb-color3);\"><\/div><\/div><span class=\"awb-title-spacer fusion-no-large-visibility fusion-no-medium-visibility fusion-no-small-visibility\"><\/span><h3 class=\"fusion-title-heading title-heading-left\" style=\"margin:0;font-size:1em;\">REGISTRATION IS CLOSED<\/h3><span class=\"awb-title-spacer\"><\/span><div class=\"title-sep-container title-sep-container-right\"><div class=\"title-sep sep- sep-solid\" style=\"border-color:var(--awb-color3);\"><\/div><\/div><\/div><div class=\"fusion-text fusion-text-1\" style=\"--awb-text-color:#000000;\"><div class=\"registration-notice\">\n<p>Please note that registration of participants is currently closed.<\/p>\n<p>We thank everyone for their great interest and active participation.<\/p>\n<p>If you have additional questions, need information or have any unforeseen situations,<br \/>\nplease contact the art director<br \/>\n<strong>Sigita Barysiene<\/strong> at the following email addresses:<\/p>\n<p><a href=\"mailto:sbarysiene@sokiusvente.org\">sbarysiene@sokiusvente.org<\/a><br \/>\n<a href=\"mailto:registration@sokiusvente.org\">registration@sokiusvente.org<\/a><\/p>\n<\/div>\n<\/div><\/div><\/div><\/div><\/div><\/p>","protected":false},"excerpt":{"rendered":"","protected":false},"author":1,"featured_media":0,"parent":0,"menu_order":0,"comment_status":"closed","ping_status":"closed","template":"100-width.php","meta":{"_acf_changed":false,"_price":"","_stock":"","_tribe_ticket_header":"","_tribe_default_ticket_provider":"","_tribe_ticket_capacity":"0","_ticket_start_date":"","_ticket_end_date":"","_tribe_ticket_show_description":"","_tribe_ticket_show_not_going":false,"_tribe_ticket_use_global_stock":"","_tribe_ticket_global_stock_level":"","_global_stock_mode":"","_global_stock_cap":"","_tribe_rsvp_for_event":"","_tribe_ticket_going_count":"","_tribe_ticket_not_going_count":"","_tribe_tickets_list":"[]","_tribe_ticket_has_attendee_info_fields":false,"footnotes":"","_tec_slr_enabled":"","_tec_slr_layout":""},"class_list":["post-858","page","type-page","status-publish","hentry"],"acf":[],"yoast_head":"<!-- This site is optimized with the Yoast SEO plugin v27.1.1 - https:\/\/yoast.com\/product\/yoast-seo-wordpress\/ -->\n<title>Dalyvi\u0173 Registracija - XVII \u0160iaur\u0117s Amerikos lietuvi\u0173 tautini\u0173 \u0161oki\u0173 \u0161vent\u0117<\/title>\n<meta name=\"robots\" content=\"index, follow, max-snippet:-1, max-image-preview:large, max-video-preview:-1\" \/>\n<link rel=\"canonical\" href=\"https:\/\/www.sokiusvente.org\/en\/registracija\/\" \/>\n<meta property=\"og:locale\" content=\"en_US\" \/>\n<meta property=\"og:type\" content=\"article\" \/>\n<meta property=\"og:title\" content=\"Dalyvi\u0173 Registracija - XVII \u0160iaur\u0117s Amerikos lietuvi\u0173 tautini\u0173 \u0161oki\u0173 \u0161vent\u0117\" \/>\n<meta property=\"og:url\" content=\"https:\/\/www.sokiusvente.org\/en\/registracija\/\" \/>\n<meta property=\"og:site_name\" content=\"XVII \u0160iaur\u0117s Amerikos lietuvi\u0173 tautini\u0173 \u0161oki\u0173 \u0161vent\u0117\" \/>\n<meta property=\"article:publisher\" content=\"https:\/\/www.facebook.com\/svente2022\" \/>\n<meta property=\"article:modified_time\" content=\"2025-12-02T01:56:33+00:00\" \/>\n<meta name=\"twitter:card\" content=\"summary_large_image\" \/>\n<meta name=\"twitter:label1\" content=\"Est. reading time\" \/>\n\t<meta name=\"twitter:data1\" content=\"14 minutes\" \/>\n<script type=\"application\/ld+json\" class=\"yoast-schema-graph\">{\"@context\":\"https:\/\/schema.org\",\"@graph\":[{\"@type\":\"WebPage\",\"@id\":\"https:\/\/www.sokiusvente.org\/registracija\/\",\"url\":\"https:\/\/www.sokiusvente.org\/registracija\/\",\"name\":\"Dalyvi\u0173 Registracija - XVII \u0160iaur\u0117s Amerikos lietuvi\u0173 tautini\u0173 \u0161oki\u0173 \u0161vent\u0117\",\"isPartOf\":{\"@id\":\"https:\/\/www.sokiusvente.org\/#website\"},\"datePublished\":\"2016-11-02T02:28:04+00:00\",\"dateModified\":\"2025-12-02T01:56:33+00:00\",\"breadcrumb\":{\"@id\":\"https:\/\/www.sokiusvente.org\/registracija\/#breadcrumb\"},\"inLanguage\":\"en-US\",\"potentialAction\":[{\"@type\":\"ReadAction\",\"target\":[\"https:\/\/www.sokiusvente.org\/registracija\/\"]}]},{\"@type\":\"BreadcrumbList\",\"@id\":\"https:\/\/www.sokiusvente.org\/registracija\/#breadcrumb\",\"itemListElement\":[{\"@type\":\"ListItem\",\"position\":1,\"name\":\"Home\",\"item\":\"https:\/\/www.sokiusvente.org\/\"},{\"@type\":\"ListItem\",\"position\":2,\"name\":\"Dalyvi\u0173 Registracija\"}]},{\"@type\":\"WebSite\",\"@id\":\"https:\/\/www.sokiusvente.org\/#website\",\"url\":\"https:\/\/www.sokiusvente.org\/\",\"name\":\"XVII \u0160iaur\u0117s Amerikos lietuvi\u0173 tautini\u0173 \u0161oki\u0173 \u0161vent\u0117\",\"description\":\"XVII Lithuanian Folk Dance Festival of North America\",\"publisher\":{\"@id\":\"https:\/\/www.sokiusvente.org\/#organization\"},\"potentialAction\":[{\"@type\":\"SearchAction\",\"target\":{\"@type\":\"EntryPoint\",\"urlTemplate\":\"https:\/\/www.sokiusvente.org\/?s={search_term_string}\"},\"query-input\":{\"@type\":\"PropertyValueSpecification\",\"valueRequired\":true,\"valueName\":\"search_term_string\"}}],\"inLanguage\":\"en-US\"},{\"@type\":\"Organization\",\"@id\":\"https:\/\/www.sokiusvente.org\/#organization\",\"name\":\"XVII \u0160iaur\u0117s Amerikos lietuvi\u0173 tautini\u0173 \u0161oki\u0173 \u0161vent\u0117\",\"url\":\"https:\/\/www.sokiusvente.org\/\",\"logo\":{\"@type\":\"ImageObject\",\"inLanguage\":\"en-US\",\"@id\":\"https:\/\/www.sokiusvente.org\/#\/schema\/logo\/image\/\",\"url\":\"https:\/\/www.sokiusvente.org\/wp-content\/uploads\/2026\/02\/SALTSS-logo_03.png\",\"contentUrl\":\"https:\/\/www.sokiusvente.org\/wp-content\/uploads\/2026\/02\/SALTSS-logo_03.png\",\"width\":1350,\"height\":2506,\"caption\":\"XVII \u0160iaur\u0117s Amerikos lietuvi\u0173 tautini\u0173 \u0161oki\u0173 \u0161vent\u0117\"},\"image\":{\"@id\":\"https:\/\/www.sokiusvente.org\/#\/schema\/logo\/image\/\"},\"sameAs\":[\"https:\/\/www.facebook.com\/svente2022\",\"https:\/\/www.tiktok.com\/@oki.vent.2026\"]}]}<\/script>\n<!-- \/ Yoast SEO plugin. -->","yoast_head_json":{"title":"Dalyvi\u0173 Registracija - XVII \u0160iaur\u0117s Amerikos lietuvi\u0173 tautini\u0173 \u0161oki\u0173 \u0161vent\u0117","robots":{"index":"index","follow":"follow","max-snippet":"max-snippet:-1","max-image-preview":"max-image-preview:large","max-video-preview":"max-video-preview:-1"},"canonical":"https:\/\/www.sokiusvente.org\/en\/registracija\/","og_locale":"en_US","og_type":"article","og_title":"Dalyvi\u0173 Registracija - XVII \u0160iaur\u0117s Amerikos lietuvi\u0173 tautini\u0173 \u0161oki\u0173 \u0161vent\u0117","og_url":"https:\/\/www.sokiusvente.org\/en\/registracija\/","og_site_name":"XVII \u0160iaur\u0117s Amerikos lietuvi\u0173 tautini\u0173 \u0161oki\u0173 \u0161vent\u0117","article_publisher":"https:\/\/www.facebook.com\/svente2022","article_modified_time":"2025-12-02T01:56:33+00:00","twitter_card":"summary_large_image","twitter_misc":{"Est. reading time":"14 minutes"},"schema":{"@context":"https:\/\/schema.org","@graph":[{"@type":"WebPage","@id":"https:\/\/www.sokiusvente.org\/registracija\/","url":"https:\/\/www.sokiusvente.org\/registracija\/","name":"Dalyvi\u0173 Registracija - XVII \u0160iaur\u0117s Amerikos lietuvi\u0173 tautini\u0173 \u0161oki\u0173 \u0161vent\u0117","isPartOf":{"@id":"https:\/\/www.sokiusvente.org\/#website"},"datePublished":"2016-11-02T02:28:04+00:00","dateModified":"2025-12-02T01:56:33+00:00","breadcrumb":{"@id":"https:\/\/www.sokiusvente.org\/registracija\/#breadcrumb"},"inLanguage":"en-US","potentialAction":[{"@type":"ReadAction","target":["https:\/\/www.sokiusvente.org\/registracija\/"]}]},{"@type":"BreadcrumbList","@id":"https:\/\/www.sokiusvente.org\/registracija\/#breadcrumb","itemListElement":[{"@type":"ListItem","position":1,"name":"Home","item":"https:\/\/www.sokiusvente.org\/"},{"@type":"ListItem","position":2,"name":"Dalyvi\u0173 Registracija"}]},{"@type":"WebSite","@id":"https:\/\/www.sokiusvente.org\/#website","url":"https:\/\/www.sokiusvente.org\/","name":"17th North American Lithuanian Folk Dance Festival","description":"XVII Lithuanian Folk Dance Festival of North America","publisher":{"@id":"https:\/\/www.sokiusvente.org\/#organization"},"potentialAction":[{"@type":"SearchAction","target":{"@type":"EntryPoint","urlTemplate":"https:\/\/www.sokiusvente.org\/?s={search_term_string}"},"query-input":{"@type":"PropertyValueSpecification","valueRequired":true,"valueName":"search_term_string"}}],"inLanguage":"en-US"},{"@type":"Organization","@id":"https:\/\/www.sokiusvente.org\/#organization","name":"17th North American Lithuanian Folk Dance Festival","url":"https:\/\/www.sokiusvente.org\/","logo":{"@type":"ImageObject","inLanguage":"en-US","@id":"https:\/\/www.sokiusvente.org\/#\/schema\/logo\/image\/","url":"https:\/\/www.sokiusvente.org\/wp-content\/uploads\/2026\/02\/SALTSS-logo_03.png","contentUrl":"https:\/\/www.sokiusvente.org\/wp-content\/uploads\/2026\/02\/SALTSS-logo_03.png","width":1350,"height":2506,"caption":"XVII \u0160iaur\u0117s Amerikos lietuvi\u0173 tautini\u0173 \u0161oki\u0173 \u0161vent\u0117"},"image":{"@id":"https:\/\/www.sokiusvente.org\/#\/schema\/logo\/image\/"},"sameAs":["https:\/\/www.facebook.com\/svente2022","https:\/\/www.tiktok.com\/@oki.vent.2026"]}]}},"ticketed":false,"_links":{"self":[{"href":"https:\/\/www.sokiusvente.org\/en\/wp-json\/wp\/v2\/pages\/858","targetHints":{"allow":["GET"]}}],"collection":[{"href":"https:\/\/www.sokiusvente.org\/en\/wp-json\/wp\/v2\/pages"}],"about":[{"href":"https:\/\/www.sokiusvente.org\/en\/wp-json\/wp\/v2\/types\/page"}],"author":[{"embeddable":true,"href":"https:\/\/www.sokiusvente.org\/en\/wp-json\/wp\/v2\/users\/1"}],"replies":[{"embeddable":true,"href":"https:\/\/www.sokiusvente.org\/en\/wp-json\/wp\/v2\/comments?post=858"}],"version-history":[{"count":68,"href":"https:\/\/www.sokiusvente.org\/en\/wp-json\/wp\/v2\/pages\/858\/revisions"}],"predecessor-version":[{"id":1716,"href":"https:\/\/www.sokiusvente.org\/en\/wp-json\/wp\/v2\/pages\/858\/revisions\/1716"}],"wp:attachment":[{"href":"https:\/\/www.sokiusvente.org\/en\/wp-json\/wp\/v2\/media?parent=858"}],"curies":[{"name":"wp","href":"https:\/\/api.w.org\/{rel}","templated":true}]}}