{"id":1020,"date":"2025-09-22T17:58:29","date_gmt":"2025-09-22T22:58:29","guid":{"rendered":"https:\/\/www.sokiusvente.org\/?page_id=1020"},"modified":"2025-09-27T11:24:06","modified_gmt":"2025-09-27T16:24:06","slug":"kontaktai","status":"publish","type":"page","link":"https:\/\/www.sokiusvente.org\/en\/kontaktai\/","title":{"rendered":"CONTACT US"},"content":{"rendered":"<p><div class=\"fusion-fullwidth fullwidth-box fusion-builder-row-1 fusion-flex-container has-pattern-background has-mask-background hundred-percent-fullwidth non-hundred-percent-height-scrolling\" style=\"--awb-border-sizes-top:0;--awb-border-sizes-bottom:0;--awb-border-sizes-left:0;--awb-border-sizes-right:0;--awb-border-radius-top-left:0px;--awb-border-radius-top-right:0px;--awb-border-radius-bottom-right:0px;--awb-border-radius-bottom-left:0px;--awb-padding-top:0px;--awb-padding-right:0px;--awb-padding-bottom:0px;--awb-padding-left:0px;--awb-margin-top:0px;--awb-margin-bottom:0px;--awb-background-color:#f7f7f7;--awb-flex-wrap:nowrap;\" ><div class=\"fusion-builder-row fusion-row fusion-flex-align-items-flex-start fusion-flex-content-wrap\" style=\"width:104% !important;max-width:104% !important;margin-left: calc(-4% \/ 2 );margin-right: calc(-4% \/ 2 );\"><div class=\"fusion-layout-column fusion_builder_column fusion-builder-column-0 fusion_builder_column_1_1 1_1 fusion-flex-column\" style=\"--awb-padding-top:0px;--awb-padding-right:0px;--awb-padding-bottom:0px;--awb-padding-left:0px;--awb-bg-size:cover;--awb-width-large:100%;--awb-margin-top-large:0px;--awb-spacing-right-large:1.92%;--awb-margin-bottom-large:20px;--awb-spacing-left-large:1.92%;--awb-width-medium:100%;--awb-order-medium:0;--awb-spacing-right-medium:1.92%;--awb-spacing-left-medium:1.92%;--awb-width-small:100%;--awb-order-small:0;--awb-spacing-right-small:1.92%;--awb-spacing-left-small:1.92%;\" data-scroll-devices=\"small-visibility,medium-visibility,large-visibility\"><div class=\"fusion-column-wrapper fusion-column-has-shadow fusion-flex-justify-content-flex-start fusion-content-layout-column\"><div class=\"fusion-image-element \" style=\"text-align:center;--awb-aspect-ratio: 100 \/ 40;--awb-object-position:42% 49%;--awb-margin-top:-10px;--awb-margin-right:0px;--awb-margin-bottom:0px;--awb-margin-left:0px;--awb-caption-title-font-family:var(--h2_typography-font-family);--awb-caption-title-font-weight:var(--h2_typography-font-weight);--awb-caption-title-font-style:var(--h2_typography-font-style);--awb-caption-title-size:var(--h2_typography-font-size);--awb-caption-title-transform:var(--h2_typography-text-transform);--awb-caption-title-line-height:var(--h2_typography-line-height);--awb-caption-title-letter-spacing:var(--h2_typography-letter-spacing);\"><span class=\" fusion-imageframe imageframe-none imageframe-1 hover-type-none has-aspect-ratio\"><img decoding=\"async\" width=\"2000\" height=\"600\" title=\"SokiuSvente-Kontaktai\" src=\"https:\/\/www.sokiusvente.org\/wp-content\/uploads\/2025\/09\/SokiuSvente-Kontaktai.png\" data-orig-src=\"https:\/\/www.sokiusvente.org\/wp-content\/uploads\/2025\/09\/SokiuSvente-Kontaktai.png\" class=\"lazyload img-responsive wp-image-1022 img-with-aspect-ratio\" data-parent-fit=\"cover\" data-parent-container=\".fusion-image-element\" alt srcset=\"data:image\/svg+xml,%3Csvg%20xmlns%3D%27http%3A%2F%2Fwww.w3.org%2F2000%2Fsvg%27%20width%3D%272000%27%20height%3D%27600%27%20viewBox%3D%270%200%202000%20600%27%3E%3Crect%20width%3D%272000%27%20height%3D%27600%27%20fill-opacity%3D%220%22%2F%3E%3C%2Fsvg%3E\" data-srcset=\"https:\/\/www.sokiusvente.org\/wp-content\/uploads\/2025\/09\/SokiuSvente-Kontaktai-200x60.png 200w, https:\/\/www.sokiusvente.org\/wp-content\/uploads\/2025\/09\/SokiuSvente-Kontaktai-400x120.png 400w, https:\/\/www.sokiusvente.org\/wp-content\/uploads\/2025\/09\/SokiuSvente-Kontaktai-600x180.png 600w, https:\/\/www.sokiusvente.org\/wp-content\/uploads\/2025\/09\/SokiuSvente-Kontaktai-800x240.png 800w, https:\/\/www.sokiusvente.org\/wp-content\/uploads\/2025\/09\/SokiuSvente-Kontaktai-1200x360.png 1200w, https:\/\/www.sokiusvente.org\/wp-content\/uploads\/2025\/09\/SokiuSvente-Kontaktai.png 2000w\" data-sizes=\"auto\" data-orig-sizes=\"(max-width: 1280px) 100vw, (max-width: 1024px) 100vw, 1200px\" \/><\/span><\/div><\/div><\/div><\/div><\/div><div class=\"fusion-fullwidth fullwidth-box fusion-builder-row-2 fusion-flex-container has-pattern-background has-mask-background nonhundred-percent-fullwidth non-hundred-percent-height-scrolling\" style=\"--awb-border-radius-top-left:0px;--awb-border-radius-top-right:0px;--awb-border-radius-bottom-right:0px;--awb-border-radius-bottom-left:0px;--awb-padding-top:25px;--awb-padding-bottom:25px;--awb-margin-top:0px;--awb-margin-bottom:0px;--awb-background-color:hsla(var(--awb-color1-h),var(--awb-color1-s),calc( var(--awb-color1-l) - 3% ),var(--awb-color1-a));--awb-flex-wrap:wrap;\" ><div class=\"fusion-builder-row fusion-row fusion-flex-align-items-flex-start fusion-flex-content-wrap\" style=\"max-width:calc( 1100px + 0px );margin-left: calc(-0px \/ 2 );margin-right: calc(-0px \/ 2 );\"><div class=\"fusion-layout-column fusion_builder_column fusion-builder-column-1 fusion_builder_column_1_1 1_1 fusion-flex-column\" style=\"--awb-bg-size:cover;--awb-width-large:100%;--awb-margin-top-large:0px;--awb-spacing-right-large:0px;--awb-margin-bottom-large:20px;--awb-spacing-left-large:0px;--awb-width-medium:100%;--awb-order-medium:0;--awb-spacing-right-medium:0px;--awb-spacing-left-medium:0px;--awb-width-small:100%;--awb-order-small:0;--awb-spacing-right-small:0px;--awb-spacing-left-small:0px;\"><div class=\"fusion-column-wrapper fusion-column-has-shadow fusion-flex-justify-content-flex-start fusion-content-layout-column\"><div class=\"fusion-title title fusion-title-1 fusion-title-text fusion-title-size-three\" style=\"--awb-text-color:#000000;--awb-font-size:32px;\"><div class=\"title-sep-container title-sep-container-left fusion-no-large-visibility fusion-no-medium-visibility fusion-no-small-visibility\"><div class=\"title-sep sep- sep-solid\" style=\"border-color:var(--awb-color3);\"><\/div><\/div><span class=\"awb-title-spacer fusion-no-large-visibility fusion-no-medium-visibility fusion-no-small-visibility\"><\/span><h3 class=\"fusion-title-heading title-heading-left\" style=\"margin:0;font-size:1em;\">Susisiekite su mumis<\/h3><span class=\"awb-title-spacer\"><\/span><div class=\"title-sep-container title-sep-container-right\"><div class=\"title-sep sep- sep-solid\" style=\"border-color:var(--awb-color3);\"><\/div><\/div><\/div><div class=\"fusion-text fusion-text-1\" style=\"--awb-text-color:#000000;\"><p style=\"text-align: justify;\">Nor\u0117dami susisiekti su m\u016bs\u0173 komanda, u\u017epildykite \u017eemiau esan\u010di\u0105 form\u0105. \u010cia galite pateikti savo klausim\u0105, pra\u0161ym\u0105 d\u0117l papildomos informacijos ar u\u017eklaus\u0105 d\u0117l m\u016bs\u0173 paslaug\u0173. Gav\u0119 j\u016bs\u0173 \u017einut\u0119, mes j\u0105 per\u017ei\u016br\u0117sime ir atsakysime kaip \u012fmanoma grei\u010diau.<\/p>\n<p style=\"text-align: justify;\">Kiekvienas j\u016bs\u0173 kreipimasis mums yra svarbus \u2013 siekiame u\u017etikrinti, kad gautum\u0117te ai\u0161ki\u0105 ir nauding\u0105 informacij\u0105. Jei turite skub\u0173 klausim\u0105, nepamir\u0161kite nurodyti savo kontaktini\u0173 duomen\u0173, kad gal\u0117tume su jumis susisiekti patogiausiu b\u016bdu.<\/p>\n<\/div><div class=\"fusion-separator fusion-full-width-sep\" style=\"align-self: center;margin-left: auto;margin-right: auto;margin-top:20px;width:100%;\"><div class=\"fusion-separator-border sep-single sep-solid\" style=\"--awb-height:20px;--awb-amount:20px;--awb-sep-color:#ebebeb;border-color:#ebebeb;border-top-width:1px;\"><\/div><\/div><div class=\"fusion-text fusion-text-2\"><style id=\"wpforms-css-vars-1027\">\n\t\t\t\t#wpforms-1027 {\n\t\t\t\t--wpforms-field-border-color: #c6cbc6;\n--wpforms-field-border-color-spare: #c6cbc6;\n--wpforms-field-text-color: #383c39;\n--wpforms-label-color: #383c39;\n--wpforms-label-sublabel-color: #707971;\n--wpforms-label-error-color: #d63636;\n--wpforms-button-background-color: #2eb366;\n--wpforms-button-border-color: #58bb5d;\n--wpforms-button-text-color: #eef8ef;\n--wpforms-container-border-radius: 0px;\n--wpforms-background-color: rgba(0, 0, 0, 0);\n--wpforms-page-break-color: #58bb5d;\n--wpforms-field-size-input-height: 43px;\n--wpforms-field-size-input-spacing: 15px;\n--wpforms-field-size-font-size: 16px;\n--wpforms-field-size-line-height: 19px;\n--wpforms-field-size-padding-h: 14px;\n--wpforms-field-size-checkbox-size: 16px;\n--wpforms-field-size-sublabel-spacing: 5px;\n--wpforms-field-size-icon-size: 1;\n--wpforms-label-size-font-size: 16px;\n--wpforms-label-size-line-height: 19px;\n--wpforms-label-size-sublabel-font-size: 14px;\n--wpforms-label-size-sublabel-line-height: 17px;\n--wpforms-button-size-font-size: 17px;\n--wpforms-button-size-height: 41px;\n--wpforms-button-size-padding-h: 15px;\n--wpforms-button-size-margin-top: 10px;\n--wpforms-container-shadow-size-box-shadow: none;\n\n\t\t\t}\n\t\t\t<\/style><div class=\"wpforms-container wpforms-container-full wpforms-render-modern\" id=\"wpforms-1027\"><form id=\"wpforms-form-1027\" class=\"wpforms-validate wpforms-form wpforms-ajax-form\" data-formid=\"1027\" method=\"post\" enctype=\"multipart\/form-data\" action=\"\/en\/wp-json\/wp\/v2\/pages\/1020\" data-token=\"507e1294eba3bac9fe1d19138ce884b1\" data-token-time=\"1776359311\"><noscript class=\"wpforms-error-noscript\">Please enable JavaScript in your browser to complete this form.<\/noscript><div id=\"wpforms-error-noscript\" style=\"display: none;\">Please enable JavaScript in your browser to complete this form.<\/div><div class=\"wpforms-field-container\"><div id=\"wpforms-1027-field_60-container\" class=\"wpforms-field wpforms-field-layout\" data-field-type=\"layout\" data-field-id=\"60\"><div class=\"wpforms-field-layout-rows wpforms-field-large\"><div class=\"wpforms-layout-row\"><div class=\"wpforms-layout-column wpforms-layout-column-100\"><div id=\"wpforms-1027-field_62-container\" class=\"wpforms-field wpforms-field-divider\" data-field-type=\"divider\" data-field-id=\"62\"><\/div><\/div><\/div><\/div><\/div>\t\t<div id=\"wpforms-1027-field_1-container\"\n\t\t\tclass=\"wpforms-field wpforms-field-text\"\n\t\t\tdata-field-type=\"text\"\n\t\t\tdata-field-id=\"1\"\n\t\t\t>\n\t\t\t<label class=\"wpforms-field-label\" for=\"wpforms-1027-field_1\" >Pavard\u0117 pa\u0161tas \u017einut\u0117<\/label>\n\t\t\t<input type=\"text\" id=\"wpforms-1027-field_1\" class=\"wpforms-field-medium\" name=\"wpforms[fields][1]\" >\n\t\t<\/div>\n\t\t<div id=\"wpforms-1027-field_10-container\" class=\"wpforms-field wpforms-field-layout\" data-field-type=\"layout\" data-field-id=\"10\"><div class=\"wpforms-field-layout-rows wpforms-field-large\"><div class=\"wpforms-layout-row\"><div class=\"wpforms-layout-column wpforms-layout-column-50\"><div id=\"wpforms-1027-field_14-container\" class=\"wpforms-field wpforms-field-name\" data-field-type=\"name\" data-field-id=\"14\"><label class=\"wpforms-field-label\" for=\"wpforms-1027-field_14\">Vardas <span class=\"wpforms-required-label\" aria-hidden=\"true\">*<\/span><\/label><input type=\"text\" id=\"wpforms-1027-field_14\" class=\"wpforms-field-medium wpforms-field-required\" name=\"wpforms[fields][14]\" placeholder=\"Juozas\" aria-errormessage=\"wpforms-1027-field_14-error\" required><\/div><\/div><div class=\"wpforms-layout-column wpforms-layout-column-50\"><div id=\"wpforms-1027-field_15-container\" class=\"wpforms-field wpforms-field-name\" data-field-type=\"name\" data-field-id=\"15\"><label class=\"wpforms-field-label\" for=\"wpforms-1027-field_15\">Pavard\u0117<\/label><input type=\"text\" id=\"wpforms-1027-field_15\" class=\"wpforms-field-medium\" name=\"wpforms[fields][15]\" placeholder=\"Juozaitis\" aria-errormessage=\"wpforms-1027-field_15-error\" ><\/div><\/div><\/div><div class=\"wpforms-layout-row\"><div class=\"wpforms-layout-column wpforms-layout-column-50\"><div id=\"wpforms-1027-field_13-container\" class=\"wpforms-field wpforms-field-email\" data-field-type=\"email\" data-field-id=\"13\"><label class=\"wpforms-field-label\" for=\"wpforms-1027-field_13\">Elektroninis pa\u0161tas <span class=\"wpforms-required-label\" aria-hidden=\"true\">*<\/span><\/label><input type=\"email\" id=\"wpforms-1027-field_13\" class=\"wpforms-field-medium wpforms-field-required\" name=\"wpforms[fields][13]\" placeholder=\"juozaitis@gmail.com\" spellcheck=\"false\" aria-errormessage=\"wpforms-1027-field_13-error\" required><\/div><\/div><div class=\"wpforms-layout-column wpforms-layout-column-50\"><div id=\"wpforms-1027-field_12-container\" class=\"wpforms-field wpforms-field-phone\" data-field-type=\"phone\" data-field-id=\"12\"><label class=\"wpforms-field-label\" for=\"wpforms-1027-field_12\">Telefono numeris<\/label><input type=\"tel\" id=\"wpforms-1027-field_12\" class=\"wpforms-field-medium wpforms-smart-phone-field\" data-rule-smart-phone-field=\"true\" name=\"wpforms[fields][12]\" placeholder=\"+370 600 123 45\" aria-label=\"Telefono numeris\" aria-errormessage=\"wpforms-1027-field_12-error\" ><\/div><\/div><\/div><\/div><\/div><div id=\"wpforms-1027-field_58-container\" class=\"wpforms-field wpforms-field-layout\" data-field-type=\"layout\" data-field-id=\"58\"><div class=\"wpforms-field-layout-rows wpforms-field-large\"><div class=\"wpforms-layout-row\"><div class=\"wpforms-layout-column wpforms-layout-column-100\"><div id=\"wpforms-1027-field_59-container\" class=\"wpforms-field wpforms-field-textarea\" data-field-type=\"textarea\" data-field-id=\"59\"><label class=\"wpforms-field-label\" for=\"wpforms-1027-field_59\">J\u016bs\u0173 \u017einut\u0117 <span class=\"wpforms-required-label\" aria-hidden=\"true\">*<\/span><\/label><textarea id=\"wpforms-1027-field_59\" class=\"wpforms-field-medium wpforms-field-required\" name=\"wpforms[fields][59]\" aria-errormessage=\"wpforms-1027-field_59-error\" required><\/textarea><\/div><\/div><\/div><\/div><\/div><script>\n\t\t\t\t( function() {\n\t\t\t\t\tconst style = document.createElement( 'style' );\n\t\t\t\t\tstyle.appendChild( document.createTextNode( '#wpforms-1027-field_1-container { position: absolute !important; overflow: hidden !important; display: inline !important; height: 1px !important; width: 1px !important; z-index: -1000 !important; padding: 0 !important; } #wpforms-1027-field_1-container input { visibility: hidden; } #wpforms-conversational-form-page #wpforms-1027-field_1-container label { counter-increment: none; }' ) );\n\t\t\t\t\tdocument.head.appendChild( style );\n\t\t\t\t\tdocument.currentScript?.remove();\n\t\t\t\t} )();\n\t\t\t<\/script><\/div><!-- .wpforms-field-container --><div class=\"wpforms-submit-container\" ><input type=\"hidden\" name=\"wpforms[id]\" value=\"1027\"><input type=\"hidden\" name=\"page_title\" value=\"\"><input type=\"hidden\" name=\"page_url\" value=\"https:\/\/www.sokiusvente.org\/en\/wp-json\/wp\/v2\/pages\/1020\"><input type=\"hidden\" name=\"url_referer\" value=\"\"><button type=\"submit\" name=\"wpforms[submit]\" id=\"wpforms-submit-1027\" class=\"wpforms-submit\" data-alt-text=\"Siun\u010diama\u2026\" data-submit-text=\"Si\u0173sti\" aria-live=\"assertive\" value=\"wpforms-submit\">Si\u0173sti<\/button><img decoding=\"async\" src=\"data:image\/svg+xml,%3Csvg%20xmlns%3D%27http%3A%2F%2Fwww.w3.org%2F2000%2Fsvg%27%20width%3D%2726%27%20height%3D%2726%27%20viewBox%3D%270%200%2026%2026%27%3E%3Crect%20width%3D%2726%27%20height%3D%2726%27%20fill-opacity%3D%220%22%2F%3E%3C%2Fsvg%3E\" data-orig-src=\"https:\/\/www.sokiusvente.org\/wp-content\/plugins\/wpforms\/assets\/images\/submit-spin.svg\" class=\"lazyload wpforms-submit-spinner\" style=\"display: none;\" width=\"26\" height=\"26\" alt=\"Loading\"><\/div><\/form><\/div>  <!-- .wpforms-container -->\n<\/div><\/div><\/div><\/div><\/div><\/p>\n","protected":false},"excerpt":{"rendered":"","protected":false},"author":1,"featured_media":0,"parent":0,"menu_order":0,"comment_status":"closed","ping_status":"closed","template":"100-width.php","meta":{"_acf_changed":false,"_price":"","_stock":"","_tribe_ticket_header":"","_tribe_default_ticket_provider":"","_tribe_ticket_capacity":"0","_ticket_start_date":"","_ticket_end_date":"","_tribe_ticket_show_description":"","_tribe_ticket_show_not_going":false,"_tribe_ticket_use_global_stock":"","_tribe_ticket_global_stock_level":"","_global_stock_mode":"","_global_stock_cap":"","_tribe_rsvp_for_event":"","_tribe_ticket_going_count":"","_tribe_ticket_not_going_count":"","_tribe_tickets_list":"[]","_tribe_ticket_has_attendee_info_fields":false,"footnotes":"","_tec_slr_enabled":"","_tec_slr_layout":""},"class_list":["post-1020","page","type-page","status-publish","hentry"],"acf":[],"yoast_head":"<!-- This site is optimized with the Yoast SEO plugin v27.1.1 - https:\/\/yoast.com\/product\/yoast-seo-wordpress\/ -->\n<title>Kontaktai - XVII \u0160iaur\u0117s Amerikos lietuvi\u0173 tautini\u0173 \u0161oki\u0173 \u0161vent\u0117<\/title>\n<meta name=\"robots\" content=\"index, follow, max-snippet:-1, max-image-preview:large, max-video-preview:-1\" \/>\n<link rel=\"canonical\" href=\"https:\/\/www.sokiusvente.org\/en\/kontaktai\/\" \/>\n<meta property=\"og:locale\" content=\"en_US\" \/>\n<meta property=\"og:type\" content=\"article\" \/>\n<meta property=\"og:title\" content=\"Kontaktai - XVII \u0160iaur\u0117s Amerikos lietuvi\u0173 tautini\u0173 \u0161oki\u0173 \u0161vent\u0117\" \/>\n<meta property=\"og:url\" content=\"https:\/\/www.sokiusvente.org\/en\/kontaktai\/\" \/>\n<meta property=\"og:site_name\" content=\"XVII \u0160iaur\u0117s Amerikos lietuvi\u0173 tautini\u0173 \u0161oki\u0173 \u0161vent\u0117\" \/>\n<meta property=\"article:publisher\" content=\"https:\/\/www.facebook.com\/svente2022\" \/>\n<meta property=\"article:modified_time\" content=\"2025-09-27T16:24:06+00:00\" \/>\n<meta name=\"twitter:card\" content=\"summary_large_image\" \/>\n<meta name=\"twitter:label1\" content=\"Est. reading time\" \/>\n\t<meta name=\"twitter:data1\" content=\"15 minutes\" \/>\n<script type=\"application\/ld+json\" class=\"yoast-schema-graph\">{\"@context\":\"https:\/\/schema.org\",\"@graph\":[{\"@type\":\"WebPage\",\"@id\":\"https:\/\/www.sokiusvente.org\/kontaktai\/\",\"url\":\"https:\/\/www.sokiusvente.org\/kontaktai\/\",\"name\":\"Kontaktai - XVII \u0160iaur\u0117s Amerikos lietuvi\u0173 tautini\u0173 \u0161oki\u0173 \u0161vent\u0117\",\"isPartOf\":{\"@id\":\"https:\/\/www.sokiusvente.org\/#website\"},\"datePublished\":\"2025-09-22T22:58:29+00:00\",\"dateModified\":\"2025-09-27T16:24:06+00:00\",\"breadcrumb\":{\"@id\":\"https:\/\/www.sokiusvente.org\/kontaktai\/#breadcrumb\"},\"inLanguage\":\"en-US\",\"potentialAction\":[{\"@type\":\"ReadAction\",\"target\":[\"https:\/\/www.sokiusvente.org\/kontaktai\/\"]}]},{\"@type\":\"BreadcrumbList\",\"@id\":\"https:\/\/www.sokiusvente.org\/kontaktai\/#breadcrumb\",\"itemListElement\":[{\"@type\":\"ListItem\",\"position\":1,\"name\":\"Home\",\"item\":\"https:\/\/www.sokiusvente.org\/\"},{\"@type\":\"ListItem\",\"position\":2,\"name\":\"Kontaktai\"}]},{\"@type\":\"WebSite\",\"@id\":\"https:\/\/www.sokiusvente.org\/#website\",\"url\":\"https:\/\/www.sokiusvente.org\/\",\"name\":\"XVII \u0160iaur\u0117s Amerikos lietuvi\u0173 tautini\u0173 \u0161oki\u0173 \u0161vent\u0117\",\"description\":\"XVII Lithuanian Folk Dance Festival of North America\",\"publisher\":{\"@id\":\"https:\/\/www.sokiusvente.org\/#organization\"},\"potentialAction\":[{\"@type\":\"SearchAction\",\"target\":{\"@type\":\"EntryPoint\",\"urlTemplate\":\"https:\/\/www.sokiusvente.org\/?s={search_term_string}\"},\"query-input\":{\"@type\":\"PropertyValueSpecification\",\"valueRequired\":true,\"valueName\":\"search_term_string\"}}],\"inLanguage\":\"en-US\"},{\"@type\":\"Organization\",\"@id\":\"https:\/\/www.sokiusvente.org\/#organization\",\"name\":\"XVII \u0160iaur\u0117s Amerikos lietuvi\u0173 tautini\u0173 \u0161oki\u0173 \u0161vent\u0117\",\"url\":\"https:\/\/www.sokiusvente.org\/\",\"logo\":{\"@type\":\"ImageObject\",\"inLanguage\":\"en-US\",\"@id\":\"https:\/\/www.sokiusvente.org\/#\/schema\/logo\/image\/\",\"url\":\"https:\/\/www.sokiusvente.org\/wp-content\/uploads\/2026\/02\/SALTSS-logo_03.png\",\"contentUrl\":\"https:\/\/www.sokiusvente.org\/wp-content\/uploads\/2026\/02\/SALTSS-logo_03.png\",\"width\":1350,\"height\":2506,\"caption\":\"XVII \u0160iaur\u0117s Amerikos lietuvi\u0173 tautini\u0173 \u0161oki\u0173 \u0161vent\u0117\"},\"image\":{\"@id\":\"https:\/\/www.sokiusvente.org\/#\/schema\/logo\/image\/\"},\"sameAs\":[\"https:\/\/www.facebook.com\/svente2022\",\"https:\/\/www.tiktok.com\/@oki.vent.2026\"]}]}<\/script>\n<!-- \/ Yoast SEO plugin. -->","yoast_head_json":{"title":"Kontaktai - XVII \u0160iaur\u0117s Amerikos lietuvi\u0173 tautini\u0173 \u0161oki\u0173 \u0161vent\u0117","robots":{"index":"index","follow":"follow","max-snippet":"max-snippet:-1","max-image-preview":"max-image-preview:large","max-video-preview":"max-video-preview:-1"},"canonical":"https:\/\/www.sokiusvente.org\/en\/kontaktai\/","og_locale":"en_US","og_type":"article","og_title":"Kontaktai - XVII \u0160iaur\u0117s Amerikos lietuvi\u0173 tautini\u0173 \u0161oki\u0173 \u0161vent\u0117","og_url":"https:\/\/www.sokiusvente.org\/en\/kontaktai\/","og_site_name":"XVII \u0160iaur\u0117s Amerikos lietuvi\u0173 tautini\u0173 \u0161oki\u0173 \u0161vent\u0117","article_publisher":"https:\/\/www.facebook.com\/svente2022","article_modified_time":"2025-09-27T16:24:06+00:00","twitter_card":"summary_large_image","twitter_misc":{"Est. reading time":"15 minutes"},"schema":{"@context":"https:\/\/schema.org","@graph":[{"@type":"WebPage","@id":"https:\/\/www.sokiusvente.org\/kontaktai\/","url":"https:\/\/www.sokiusvente.org\/kontaktai\/","name":"Kontaktai - XVII \u0160iaur\u0117s Amerikos lietuvi\u0173 tautini\u0173 \u0161oki\u0173 \u0161vent\u0117","isPartOf":{"@id":"https:\/\/www.sokiusvente.org\/#website"},"datePublished":"2025-09-22T22:58:29+00:00","dateModified":"2025-09-27T16:24:06+00:00","breadcrumb":{"@id":"https:\/\/www.sokiusvente.org\/kontaktai\/#breadcrumb"},"inLanguage":"en-US","potentialAction":[{"@type":"ReadAction","target":["https:\/\/www.sokiusvente.org\/kontaktai\/"]}]},{"@type":"BreadcrumbList","@id":"https:\/\/www.sokiusvente.org\/kontaktai\/#breadcrumb","itemListElement":[{"@type":"ListItem","position":1,"name":"Home","item":"https:\/\/www.sokiusvente.org\/"},{"@type":"ListItem","position":2,"name":"Kontaktai"}]},{"@type":"WebSite","@id":"https:\/\/www.sokiusvente.org\/#website","url":"https:\/\/www.sokiusvente.org\/","name":"17th North American Lithuanian Folk Dance Festival","description":"XVII Lithuanian Folk Dance Festival of North America","publisher":{"@id":"https:\/\/www.sokiusvente.org\/#organization"},"potentialAction":[{"@type":"SearchAction","target":{"@type":"EntryPoint","urlTemplate":"https:\/\/www.sokiusvente.org\/?s={search_term_string}"},"query-input":{"@type":"PropertyValueSpecification","valueRequired":true,"valueName":"search_term_string"}}],"inLanguage":"en-US"},{"@type":"Organization","@id":"https:\/\/www.sokiusvente.org\/#organization","name":"17th North American Lithuanian Folk Dance Festival","url":"https:\/\/www.sokiusvente.org\/","logo":{"@type":"ImageObject","inLanguage":"en-US","@id":"https:\/\/www.sokiusvente.org\/#\/schema\/logo\/image\/","url":"https:\/\/www.sokiusvente.org\/wp-content\/uploads\/2026\/02\/SALTSS-logo_03.png","contentUrl":"https:\/\/www.sokiusvente.org\/wp-content\/uploads\/2026\/02\/SALTSS-logo_03.png","width":1350,"height":2506,"caption":"XVII \u0160iaur\u0117s Amerikos lietuvi\u0173 tautini\u0173 \u0161oki\u0173 \u0161vent\u0117"},"image":{"@id":"https:\/\/www.sokiusvente.org\/#\/schema\/logo\/image\/"},"sameAs":["https:\/\/www.facebook.com\/svente2022","https:\/\/www.tiktok.com\/@oki.vent.2026"]}]}},"ticketed":false,"_links":{"self":[{"href":"https:\/\/www.sokiusvente.org\/en\/wp-json\/wp\/v2\/pages\/1020","targetHints":{"allow":["GET"]}}],"collection":[{"href":"https:\/\/www.sokiusvente.org\/en\/wp-json\/wp\/v2\/pages"}],"about":[{"href":"https:\/\/www.sokiusvente.org\/en\/wp-json\/wp\/v2\/types\/page"}],"author":[{"embeddable":true,"href":"https:\/\/www.sokiusvente.org\/en\/wp-json\/wp\/v2\/users\/1"}],"replies":[{"embeddable":true,"href":"https:\/\/www.sokiusvente.org\/en\/wp-json\/wp\/v2\/comments?post=1020"}],"version-history":[{"count":9,"href":"https:\/\/www.sokiusvente.org\/en\/wp-json\/wp\/v2\/pages\/1020\/revisions"}],"predecessor-version":[{"id":1206,"href":"https:\/\/www.sokiusvente.org\/en\/wp-json\/wp\/v2\/pages\/1020\/revisions\/1206"}],"wp:attachment":[{"href":"https:\/\/www.sokiusvente.org\/en\/wp-json\/wp\/v2\/media?parent=1020"}],"curies":[{"name":"wp","href":"https:\/\/api.w.org\/{rel}","templated":true}]}}